{"id":153,"date":"2012-09-14T17:25:24","date_gmt":"2012-09-14T15:25:24","guid":{"rendered":"http:\/\/3dfaceanalyser.ec-lyon.fr\/?page_id=153"},"modified":"2012-09-15T00:52:06","modified_gmt":"2012-09-14T22:52:06","slug":"publications","status":"publish","type":"page","link":"https:\/\/3dfaceanalyser.ec-lyon.fr\/?page_id=153","title":{"rendered":"Publications"},"content":{"rendered":"<p>1. D. Huang, M. Ardabilian, Y. Wang, L. Chen: 3D face recognition using eLBP-based facial representation and local feature hybrid matching. IEEE Trans. on Information Forensics and Security (TIFS), to appear.<\/p>\n<p>2. L. Ballihi, B. Ben Amor, M. Daoudi, A. Srivastava, and D. Aboutajdine, Boosting 3D-geometric features for efficient face recognition and gender classification. IEEE Trans. on Information Forensics and Security (TIFS), to appear.<\/p>\n<p>3. X. Zhao, E. Dellandr\u00e9a, L. Chen, and I. A. Kakadiaris: Accurate landmarking of three-dimensional facial data in the presence of facial expressions and occlusions using a three-dimensional statistical facial feature model.\u00a0IEEE Trans. on\u00a0Systems, Man, and Cybernetics, Part B: Cybernetics (TSMC-B), 41(5):1417-1428, 2011.<\/p>\n<p>4.\u00a0A. Maalej, B. Ben Amor, M. Daoudi, A. Srivastava, and S. Berretti: Shape analysis of local facial patches for 3D facial expression recognition. Pattern Recognition (PR), 44 (8): 1581-1589, 2011.<\/p>\n<p>5.\u00a0S. Berretti, B. Ben Amor, M. Daoudi, A. Del Bimbo: 3D facial expression recognition using SIFT descriptors of automatically detected keypoints. The Visual Computer 27(11): 1021-1036, 2011.<\/p>\n<p>6. G. Zhang and Y. Wang: Robust 3D face recognition based on resolution invariant features. Pattern Recognition Letters (PRL), 32 (2011): 1009\u20131019.<\/p>\n<p>7. P. Liu, Y. Wang, and Z. Zhang: Representing 3D face from point cloud to face-aligned spherical depth map. International Journal of Pattern Recognition and Artificial Intelligence (IJPRAI), 2012.<\/p>\n<p>8. D. Huang, M. Ardabilian, Y. Wang, L. Chen: Oriented gradient maps based automatic asymmetric 3D-2D face recognition, IAPR\/IEEE International Conference on Biometrics (ICB), 2012.<\/p>\n<p>9.\u00a0D. Huang, K. Ouji, M. Ardabilian, Y. Wang, L. Chen: 3D face recognition based on local shape patterns and sparse representation classifier. International Conference on Multimedia Modeling (MMM), 2011.<\/p>\n<p>10.\u00a0 D. Huang, M. Ardabilian, Y. Wang, L. Chen: A novel geometric facial representation based on multi-scale extended local binary patterns. IEEE International Conference on Automatic Face and Gesture Recognition (FG), 2011.<\/p>\n<p>11.\u00a0 R. C. Veltkamp, S. Jole, H. Drira, B. Ben Amor, M. Daoudi, H. Li, L. Chen, P. Claes, D. Smeets, J. Hermans, D. Vandermeulen, P. Suetens: SHREC&#8217;11 Track: 3D face models retrieval. Eurographics Workshop on 3D Object Retrieval (3DOR), 2011.<\/p>\n<p>12.\u00a0 D. Huang, W. Ben Soltana, M. Ardabilian, Y. Wang, and L. Chen: Textured 3D face recognition using biological vision-based facial representation &amp; optimized weighted sum fusion. IEEE International Conference on Computer Vision and Pattern Recognition Workshop on Biometrics (CVPRW), 2011.<\/p>\n<p>13.\u00a0 P. Lemaire, B. Ben Amor, M. Ardabilian, L. Chen, and M. Daoudi: Fully automatic 3D facial expression recognition using a region-based approach. ACM Multimedia Joint Workshop on Multimedia Access to 3D Human Objects (MA3HO), 2011.<\/p>\n<p>14.\u00a0 H. Li, D. Huang, J.-M. Morvan, L. Chen: Learning weighted sparse representation of encoded facial normal information for expression-robust 3D face recognition. IEEE International Joint Conference on Biometrics (IJCB), 2011.<\/p>\n<p>15.\u00a0 V. Vijayan, K. W. Bowyer, P. J. Flynn, D. Huang, L. Chen, M. Hansen, O. Ocegueda, S. K. Shah, and I. A. Kakadiaris: Twins 3D face recognition challenge. IEEE International Joint Conference on Biometrics (IJCB), 2011.<\/p>\n<p>16.\u00a0 W. Ben Soltana, D. Huang, M. Ardabilian, L. Chen, C. Ben Amar: A mixture of gated experts optimized using simulated annealing for 3D face recognition. International Conference on Image Processing (ICIP), 2011.<\/p>\n<p>17.\u00a0 H. Li, D. Huang, P. Lemaire, J.-M. Morvan, and L. Chen:\u00a0Expression robust 3D face recognition via mesh-based histogram of multiple order surface differential quantities. International Conference on Image Processing (ICIP),\u00a02011.<\/p>\n<p>18.\u00a0 H. Li, J.-M. Morvan, and L. Chen: 3D facial expression recognition based on histograms of surface differential quantities. Conference on Advanced Concepts for Intelligent Vision systems (ACIVS), 2011.<\/p>\n<p>19.\u00a0 L. Ballihi, B. Ben Amor, M. Daoudi, A. Srivastava, and D. Aboutajdine: Selecting 3D curves on the nasal surface using AdaBoost for person authentication. Eurographics Workshop on 3D Object Retrieval (3DOR), 2011.<\/p>\n<p>20.\u00a0 G. Zhang and Y. Wang. Hierarchical and discriminative bag of features for face profile and ear based gender classification. IEEE International Joint Conference on Biometrics (IJCB), 2011.<\/p>\n<p>21.\u00a0 Z. Zhang, Y. Wang, Z. Zhang, G. Zhang: Face synthesis from near-infrared to visual light spectrum using quotient image and kernel-based multifactor analysis, IEEE International Conference on Multimedia and Expo (ICME), 2011.<\/p>\n<p>22.\u00a0 Z. Zhang, Y. Wang, and Z. Zhang: Face synthesis from near-infrared to visual light via sparse representation. IEEE International Joint Conference on Biometrics (IJCB), 2011.<\/p>\n<p>23.\u00a0 W. Li, Y. Wang and Z. Zhang: A hierarchical framework for image-based human age estimation by weighted and OHRanked sparse representation-based classification, International Conference on Biometrics (ICB), 2012.<\/p>\n<p>24.\u00a0 C. Wang, D. Huang, Y. Huang, and G. Zhang: Facial image-based gender classification using local circular patterns, International Conference on Pattern Recognition (ICPR), 2012.<\/p>\n<p>25.\u00a0 L. Ballihi, B. Ben Amor, M. Daoudi, A. Srivastava, and D. Aboutajdine: Geometric based 3D facial eender classification. International Symposium on Communications, Control and Signal Processing (ISCCSP), 2012.<\/p>\n<p>26.\u00a0 L. Ballihi, B. Ben Amor, M. Daoudi, A. Srivastava, D. Aboutajdine: Which 3D geometric facial features give up your identity. IAPR\/IEEE International Conference on Biometrics (ICB), 2012.<\/p>\n<p>27.\u00a0 H. Drira, B. Ben Amor, M. Daoudi, A. Srivastava, S. Berretti: 3D dynamic expression recognition based on a novel deformation vector field and random forest. International Conference on Pattern Recognition (ICPR), 2012.<\/p>\n<p>28.\u00a0 H. Li, L. Chen, D. Huang, Y. Wang, and J.-M. Morvan: 3D facial expression recognition via multiple kernel learning of multi-scale local normal patterns. International Conference on Pattern Recognition (ICPR), 2012.<\/p>\n<p>29.\u00a0 H. Li, L. Chen, D. Huang, Y. Wang, and J.-M. Morvan: A group of facial normal descriptors for recognizing 3D identical twins. IEEE Fifth International Conference on Biometrics: Theory, Applications and Systems (BTAS), 2012.<\/p>\n<p>30.\u00a0 L. Ballihi, B. Ben Amor, M. Daoudi, A. Srivastava, and D. Aboutajdine: Quelles caract\u00e9ristiques g\u00e9om\u00e9triques faciales 3D donnent votre identit\u00e9? Dans Actes de la conf\u00e9rence \u00a0en Reconnaissance des Formes et Intelligence Artificielle (RFIA), 2012.<\/p>\n<p>H. Drira, R. Slama, B. Ben Amor, M. Daoudi, A. Srivastava: Une nouvelle approche de reconnaissance de visages 3D partiellement occult\u00e9s. Dans Actes de la conf\u00e9rence \u00a0en Reconnaissance des Formes et Intelligence Artificielle (RFIA), 2012.<\/p>\n","protected":false},"excerpt":{"rendered":"<p>1. D. Huang, M. Ardabilian, Y. Wang, L. Chen: 3D face recognition using eLBP-based facial representation and local feature hybrid matching. IEEE Trans. on Information Forensics and Security (TIFS), to appear. 2. L. Ballihi, B. Ben Amor, M. Daoudi, A. &hellip; <a class=\"more-link\" href=\"https:\/\/3dfaceanalyser.ec-lyon.fr\/?page_id=153\">Continue reading <span class=\"meta-nav\">&rarr;<\/span><\/a><\/p>\n","protected":false},"author":1,"featured_media":0,"parent":0,"menu_order":0,"comment_status":"open","ping_status":"open","template":"","meta":[],"_links":{"self":[{"href":"https:\/\/3dfaceanalyser.ec-lyon.fr\/index.php?rest_route=\/wp\/v2\/pages\/153"}],"collection":[{"href":"https:\/\/3dfaceanalyser.ec-lyon.fr\/index.php?rest_route=\/wp\/v2\/pages"}],"about":[{"href":"https:\/\/3dfaceanalyser.ec-lyon.fr\/index.php?rest_route=\/wp\/v2\/types\/page"}],"author":[{"embeddable":true,"href":"https:\/\/3dfaceanalyser.ec-lyon.fr\/index.php?rest_route=\/wp\/v2\/users\/1"}],"replies":[{"embeddable":true,"href":"https:\/\/3dfaceanalyser.ec-lyon.fr\/index.php?rest_route=%2Fwp%2Fv2%2Fcomments&post=153"}],"version-history":[{"count":6,"href":"https:\/\/3dfaceanalyser.ec-lyon.fr\/index.php?rest_route=\/wp\/v2\/pages\/153\/revisions"}],"predecessor-version":[{"id":195,"href":"https:\/\/3dfaceanalyser.ec-lyon.fr\/index.php?rest_route=\/wp\/v2\/pages\/153\/revisions\/195"}],"wp:attachment":[{"href":"https:\/\/3dfaceanalyser.ec-lyon.fr\/index.php?rest_route=%2Fwp%2Fv2%2Fmedia&parent=153"}],"curies":[{"name":"wp","href":"https:\/\/api.w.org\/{rel}","templated":true}]}}